{"id":1088224,"date":"2025-06-24T19:32:25","date_gmt":"2025-06-24T19:32:25","guid":{"rendered":"https:\/\/theticketfighter.com\/?page_id=1088224"},"modified":"2025-06-24T19:32:26","modified_gmt":"2025-06-24T19:32:26","slug":"termsandconditions","status":"publish","type":"page","link":"https:\/\/theticketfighter.com\/es\/termsandconditions\/","title":{"rendered":"T\u00e9rminos y condiciones"},"content":{"rendered":"<section class=\"wp-block-cover hero-pattern hero-bg-image single-page\"><img decoding=\"async\" width=\"1357\" height=\"773\" class=\"wp-block-cover__image-background wp-image-1087488 size-full\" alt=\"\" src=\"https:\/\/theticketfighter.com\/wp-content\/uploads\/2025\/06\/blog-default.jpg\" data-object-fit=\"cover\" srcset=\"https:\/\/theticketfighter.com\/wp-content\/uploads\/2025\/06\/blog-default.jpg 1357w, https:\/\/theticketfighter.com\/wp-content\/uploads\/2025\/06\/blog-default-300x171.jpg 300w, https:\/\/theticketfighter.com\/wp-content\/uploads\/2025\/06\/blog-default-1024x583.jpg 1024w, https:\/\/theticketfighter.com\/wp-content\/uploads\/2025\/06\/blog-default-768x437.jpg 768w, https:\/\/theticketfighter.com\/wp-content\/uploads\/2025\/06\/blog-default-18x10.jpg 18w\" sizes=\"(max-width: 1357px) 100vw, 1357px\" \/><span aria-hidden=\"true\" class=\"wp-block-cover__background has-background-dim-100 has-background-dim wp-block-cover__gradient-background has-background-gradient has-hero-gradient-2-gradient-background\"><\/span><div class=\"wp-block-cover__inner-container is-layout-flow wp-block-cover-is-layout-flow\">\n<div class=\"wp-block-group container is-layout-flow wp-block-group-is-layout-flow\">\n<div class=\"wp-block-group row is-layout-flow wp-block-group-is-layout-flow\">\n<div class=\"wp-block-group column hero__content is-layout-flow wp-block-group-is-layout-flow\">\n<div class=\"wp-block-group is-layout-flow wp-block-group-is-layout-flow\"><ul class=\"breadcrumbs\"><li><a href=\"https:\/\/theticketfighter.com\/es\/\">Hogar<\/a><\/li><\/ul>\n\n\n\n<div style=\"height:10px\" aria-hidden=\"true\" class=\"wp-block-spacer\"><\/div>\n\n\n\n<p class=\"hero__subtitle\">ENFOCADO EN DERECHO PENAL Y TR\u00c1FICO<\/p>\n\n\n\n<h1 class=\"wp-block-heading hero__title\">T\u00e9rminos y condiciones<\/h1>\n<\/div>\n<\/div>\n\n\n\n<div class=\"wp-block-group column hero__contact-form is-layout-flow wp-block-group-is-layout-flow\">\n<div class=\"wp-block-group container__image is-layout-flow wp-block-group-is-layout-flow\">\n<p class=\"hero__contact-form-title\">Lucha contra tu multa ahora<\/p>\n\n\n\n<div class=\"wp-block-contact-form-7-contact-form-selector\">\n<div class=\"wpcf7 no-js\" id=\"wpcf7-f4-o1\" lang=\"en-US\" dir=\"ltr\" data-wpcf7-id=\"4\">\n<div class=\"screen-reader-response\"><p role=\"status\" aria-live=\"polite\" aria-atomic=\"true\"><\/p> <ul><\/ul><\/div>\n<form action=\"\/es\/wp-json\/wp\/v2\/pages\/1088224#wpcf7-f4-o1\" method=\"post\" class=\"wpcf7-form init\" aria-label=\"Formulario de contacto\" novalidate=\"novalidate\" data-status=\"init\" data-trp-original-action=\"\/es\/wp-json\/wp\/v2\/pages\/1088224#wpcf7-f4-o1\">\n<fieldset class=\"hidden-fields-container\"><input type=\"hidden\" name=\"_wpcf7\" value=\"4\" \/><input type=\"hidden\" name=\"_wpcf7_version\" value=\"6.1.5\" \/><input type=\"hidden\" name=\"_wpcf7_locale\" value=\"en_US\" \/><input type=\"hidden\" name=\"_wpcf7_unit_tag\" value=\"wpcf7-f4-o1\" \/><input type=\"hidden\" name=\"_wpcf7_container_post\" value=\"0\" \/><input type=\"hidden\" name=\"_wpcf7_posted_data_hash\" value=\"\" \/>\n<\/fieldset>\n<div class=\"form-row\">\n  <label><span class=\"wpcf7-form-control-wrap\" data-name=\"your-name\"><input size=\"40\" maxlength=\"400\" class=\"wpcf7-form-control wpcf7-text wpcf7-validates-as-required\" aria-required=\"true\" aria-invalid=\"false\" placeholder=\"Nombre\" value=\"\" type=\"text\" name=\"your-name\" \/><\/span><\/label>\n  <label><span class=\"wpcf7-form-control-wrap\" data-name=\"your-tel\"><input size=\"40\" maxlength=\"400\" class=\"wpcf7-form-control wpcf7-tel wpcf7-validates-as-required wpcf7-text wpcf7-validates-as-tel\" aria-required=\"true\" aria-invalid=\"false\" placeholder=\"Tu tel\u00e9fono\" value=\"\" type=\"tel\" name=\"your-tel\" \/><\/span><\/label>\n<\/div>\n\n<div class=\"form-row\">\n  <label><span class=\"wpcf7-form-control-wrap\" data-name=\"your-county\"><select class=\"wpcf7-form-control wpcf7-select\" aria-invalid=\"false\" name=\"your-county\"><option value=\"\">\u2014Por favor seleccione una opci\u00f3n\u2014<\/option><option value=\"Orange\">Naranja<\/option><option value=\"Osceola\">osceola<\/option><option value=\"Seminole\">seminola<\/option><option value=\"Lake\">Lago<\/option><\/select><\/span><\/label>\n  <label><span class=\"wpcf7-form-control-wrap\" data-name=\"your-ticket-number\"><input size=\"40\" maxlength=\"400\" class=\"wpcf7-form-control wpcf7-text wpcf7-validates-as-required\" aria-required=\"true\" aria-invalid=\"false\" placeholder=\"Numero de ticket\" value=\"\" type=\"text\" name=\"your-ticket-number\" \/><\/span><\/label>\n<\/div>\n\n\n<div class=\"form-row input-full-width\">\n  <label><span class=\"wpcf7-form-control-wrap\" data-name=\"your-email\"><input size=\"40\" maxlength=\"400\" class=\"wpcf7-form-control wpcf7-email wpcf7-validates-as-required wpcf7-text wpcf7-validates-as-email\" aria-required=\"true\" aria-invalid=\"false\" placeholder=\"Correo electr\u00f3nico\" value=\"\" type=\"email\" name=\"your-email\" \/><\/span><\/label>\n<\/div>\n\n<div class=\"form-row input-full-width\">\n  <label><span class=\"wpcf7-form-control-wrap\" data-name=\"preferred-communication-method\"><select class=\"wpcf7-form-control wpcf7-select wpcf7-validates-as-required\" aria-required=\"true\" aria-invalid=\"false\" name=\"preferred-communication-method\"><option value=\"\">M\u00e9todo de comunicaci\u00f3n preferido<\/option><option value=\"Email\">Correo electr\u00f3nico<\/option><option value=\"Phone\">Tel\u00e9fono<\/option><option value=\"Text Message\">Mensaje de texto<\/option><\/select><\/span><\/label>\n<\/div>\n\n<div class=\"consent-row\">\n  <span class=\"wpcf7-form-control-wrap\" data-name=\"consent\"><span class=\"wpcf7-form-control wpcf7-acceptance\"><span class=\"wpcf7-list-item\"><label><input type=\"checkbox\" name=\"consent\" value=\"1\" aria-invalid=\"false\" \/><span class=\"wpcf7-list-item-label\">He le\u00eddo el <a href=\"\/es\/privacy-policy\/\" target=\"_blank\">pol\u00edtica de privacidad<\/a>, y <a href=\"\/es\/termsandconditions\/\" target=\"_blank\">Condiciones de servicio<\/a>.<\/span><\/label><\/span><\/span><\/span>\n<\/div>\n\n<div class=\"wpcf7-turnstile cf-turnstile\" data-sitekey=\"0x4AAAAAABj1haVTL5V4fTCK\" data-response-field-name=\"_wpcf7_turnstile_response\"><\/div>\n\n<input class=\"wpcf7-form-control wpcf7-submit has-spinner\" type=\"submit\" value=\"Empezar\" \/><p style=\"display: none !important;\" class=\"akismet-fields-container\" data-prefix=\"_wpcf7_ak_\"><label>\u0394<textarea name=\"_wpcf7_ak_hp_textarea\" cols=\"45\" rows=\"8\" maxlength=\"100\"><\/textarea><\/label><input type=\"hidden\" id=\"ak_js_1\" name=\"_wpcf7_ak_js\" value=\"162\"\/><script>document.getElementById( \"ak_js_1\" ).setAttribute( \"value\", ( new Date() ).getTime() );<\/script><\/p><div class=\"wpcf7-response-output\" aria-hidden=\"true\"><\/div>\n<input type=\"hidden\" name=\"trp-form-language\" value=\"es\"\/><\/form>\n<\/div>\n<\/div>\n<\/div>\n<\/div>\n<\/div>\n<\/div>\n<\/div><\/section>\n\n\n\n<section class=\"wp-block-group single-column-text block has-white-background-color has-background is-layout-flow wp-block-group-is-layout-flow\">\n<div class=\"wp-block-group container is-layout-flow wp-block-group-is-layout-flow\">\n<div class=\"wp-block-group single-column-text__content is-layout-constrained wp-block-group-is-layout-constrained\">\n<h2 class=\"wp-block-heading\"><strong>T\u00e9rminos, condiciones y garant\u00eda de no puntos<\/strong><\/h2>\n\n\n\n<div class=\"wp-block-group single-column-text__row is-layout-flow wp-block-group-is-layout-flow\">\n<p>Al enviar el pago para contratar, el Cliente retiene y emplea a Cruz Law, LLC dba The Ticket Fighter, para representarlos. La tarifa pagada no es reembolsable y excluye multas y costas judiciales, si las hubiere, que pueden exceder el precio del boleto, de las cuales el cliente ser\u00e1 el \u00fanico responsable. El cliente entiende que esta tarifa se gana en su totalidad de inmediato, no es reembolsable y no se basa en una tarifa por hora. Nuestra tarifa no incluye ninguna apelaci\u00f3n. No se ha hecho ninguna representaci\u00f3n al cliente con respecto a la probabilidad de \u00e9xito en su caso. El cliente tambi\u00e9n reconoce y comprende que contrat\u00f3 a The Ticket Fighter y que no se han hecho representaciones con respecto a qu\u00e9 abogado de la firma lo representar\u00e1. Adem\u00e1s, THE TICKET FIGHTER podr\u00e1 sustituir al cliente por otro abogado experimentado no asociado con la firma.<\/p>\n\n\n\n<p>El cliente autoriza a The Ticket Fighter a representarlo en este asunto y a mantener una declaraci\u00f3n de inocencia o presentar una declaraci\u00f3n de no contestaci\u00f3n en nombre del cliente a discreci\u00f3n de The Ticket Fighter.<\/p>\n\n\n\n<p>En algunos condados, las comparecencias de los abogados est\u00e1n permitidas por videoconferencia, correo o tel\u00e9fono. El cliente entiende que si surge esta situaci\u00f3n, nuestro abogado puede optar por ejercer esa opci\u00f3n.<\/p>\n\n\n\n<p>El cliente entiende que su abogado estar\u00e1 en otra sala del tribunal en el momento de su juicio y el cliente elige estar presente, el cliente debe esperar al abogado. Si el cliente decide manejar el caso por su cuenta, NO recibir\u00e1 un reembolso.<\/p>\n\n\n\n<p>Es responsabilidad exclusiva del cliente mantener informado a The Ticket Fighter sobre cualquier cambio en su informaci\u00f3n personal, incluidos, entre otros, la direcci\u00f3n, el n\u00famero de tel\u00e9fono y la direcci\u00f3n de correo electr\u00f3nico.<\/p>\n\n\n\n<p>Cualquier responsabilidad financiera en que se incurra por la falta de comunicaci\u00f3n por parte del cliente de los cambios antes mencionados a THE TICKET FIGHTER, ser\u00e1 de exclusiva responsabilidad del cliente.<\/p>\n\n\n\n<p>El cliente entiende que la garant\u00eda de devoluci\u00f3n de dinero provista por THE TICKET FIGHTER es la siguiente para los condados de Orange, Osceola, Seminole y Lake:<\/p>\n\n\n\n<p>La garant\u00eda de no puntos no se aplica a los casos de accidentes con lesiones, cualquier caso que requiera una comparecencia obligatoria ante el tribunal.<\/p>\n\n\n\n<p>Ninguna escuela no tiene garant\u00eda. La escuela depende del cargo y del cliente.<\/p>\n\n\n\n<p>No garantizamos puntos si no ha recibido boletos en los \u00faltimos 12 meses.<\/p>\n\n\n\n<p>Todas las garant\u00edas de devoluci\u00f3n de dinero se basan en la velocidad real, NO necesariamente en la velocidad a la que se hace referencia en la citaci\u00f3n. Esto puede afectar el monto ordenado por la multa y\/o los costos judiciales, ya que la multa\/costo impuesto puede relacionarse con la velocidad real. Si su multa es por 30 mph o m\u00e1s por encima del l\u00edmite de velocidad, o por rebasar un autob\u00fas escolar detenido, la ley de Florida no le permite pagar su multa ni elegir la escuela de manejo. Hay una comparecencia obligatoria ante el tribunal requerida por el cliente o un abogado (esto se considera un &quot;caso judicial obligatorio&quot;). El cliente es consciente de que THE TICKET FIGHTER no ofrece garant\u00eda de devoluci\u00f3n de dinero para este tipo de casos y la licencia de conducir puede ser suspendida por la Corte.<\/p>\n\n\n\n<p>Para los conductores con licencia fuera del estado de Florida, aunque ofrecemos una garant\u00eda de devoluci\u00f3n de dinero para muchas citaciones de Florida (se aplican restricciones, llame para obtener m\u00e1s detalles), no garantizamos ni prometemos c\u00f3mo afectar\u00e1 a su hogar el resultado que obtengamos para usted en Florida. -registro de manejo estatal. Si esto le preocupa, debe comunicarse con el DMV de su estado de origen para que ellos puedan responder sus preguntas.<\/p>\n\n\n\n<p>Los honorarios se basan en las representaciones del Cliente. Si los cargos reales, las fechas, los condados u otra informaci\u00f3n difieren de dichas representaciones, The Ticket Fighter puede, a su elecci\u00f3n, retirarse del caso, cobrar una tarifa adicional o ambas cosas. En cualquiera de los dos casos, no habr\u00e1 devoluci\u00f3n.<\/p>\n<\/div>\n<\/div>\n<\/div>\n<\/section>","protected":false},"excerpt":{"rendered":"<p>Terms, Conditions, and No Points Guarantee By submitting payment to hire, the Client, retains and employs Cruz Law, LLC dba The Ticket Fighter, to represent them. The fee paid is non-refundable, and excludes fines and court costs, if any, which can exceed the price of the ticket, for which the client shall remain solely liable. [&hellip;]<\/p>\n","protected":false},"author":3,"featured_media":0,"parent":0,"menu_order":0,"comment_status":"closed","ping_status":"closed","template":"","meta":{"inline_featured_image":false,"footnotes":""},"class_list":["post-1088224","page","type-page","status-publish","hentry"],"_links":{"self":[{"href":"https:\/\/theticketfighter.com\/es\/wp-json\/wp\/v2\/pages\/1088224","targetHints":{"allow":["GET"]}}],"collection":[{"href":"https:\/\/theticketfighter.com\/es\/wp-json\/wp\/v2\/pages"}],"about":[{"href":"https:\/\/theticketfighter.com\/es\/wp-json\/wp\/v2\/types\/page"}],"author":[{"embeddable":true,"href":"https:\/\/theticketfighter.com\/es\/wp-json\/wp\/v2\/users\/3"}],"replies":[{"embeddable":true,"href":"https:\/\/theticketfighter.com\/es\/wp-json\/wp\/v2\/comments?post=1088224"}],"version-history":[{"count":1,"href":"https:\/\/theticketfighter.com\/es\/wp-json\/wp\/v2\/pages\/1088224\/revisions"}],"predecessor-version":[{"id":1088225,"href":"https:\/\/theticketfighter.com\/es\/wp-json\/wp\/v2\/pages\/1088224\/revisions\/1088225"}],"wp:attachment":[{"href":"https:\/\/theticketfighter.com\/es\/wp-json\/wp\/v2\/media?parent=1088224"}],"curies":[{"name":"gracias","href":"https:\/\/api.w.org\/{rel}","templated":true}]}}