{"id":493,"date":"2025-06-05T11:45:47","date_gmt":"2025-06-05T11:45:47","guid":{"rendered":"http:\/\/localhost:8888\/?page_id=493"},"modified":"2025-08-18T12:35:45","modified_gmt":"2025-08-18T12:35:45","slug":"contact-us","status":"publish","type":"page","link":"https:\/\/theticketfighter.com\/es\/contact-us\/","title":{"rendered":"Cont\u00e1ctenos"},"content":{"rendered":"<h1 class=\"wp-block-heading\">Cont\u00e1ctenos<\/h1>\n\n\n\n<section class=\"wp-block-group contact-us-pattern is-layout-flow wp-block-group-is-layout-flow\">\n<div class=\"wp-block-group container has-white-background-color has-background is-layout-constrained wp-block-group-is-layout-constrained\">\n<div class=\"wp-block-group contact-us__row is-nowrap is-layout-flex wp-container-core-group-is-layout-ad2f72ca wp-block-group-is-layout-flex\">\n<div class=\"wp-block-group contact__column left-column is-layout-constrained wp-block-group-is-layout-constrained\"><h2 class=\"wp-block-post-title\">Cont\u00e1ctenos<\/h2>\n\n\n<p>\u00bfInteresado en nuestros servicios? Complete la informaci\u00f3n y nos pondremos en contacto con usted en breve.<br>\u00a1Estamos ansiosos por saber de usted!<\/p>\n\n\n\n<div class=\"wp-block-group contact-us-pattern__row contact-us-page is-nowrap is-layout-flex wp-container-core-group-is-layout-ad2f72ca wp-block-group-is-layout-flex\">\n<div class=\"wp-block-group contact-us-pattern__right is-nowrap is-layout-flex wp-container-core-group-is-layout-ad2f72ca wp-block-group-is-layout-flex\">\n<div class=\"wp-block-group contact-us-pattern__right-data is-layout-constrained wp-block-group-is-layout-constrained\">\n<figure class=\"wp-block-image size-full\"><img decoding=\"async\" src=\"\/wp-content\/uploads\/2025\/06\/icon-phone4.svg\" alt=\"\" class=\"wp-image-344\"\/><\/figure>\n\n\n\n<div class=\"wp-block-group location is-layout-constrained wp-block-group-is-layout-constrained\">\n<p><a href=\"tel:+14074765120\">(407) 476-5120<\/a><\/p>\n<\/div>\n<\/div>\n<\/div>\n<\/div>\n<\/div>\n\n\n\n<div class=\"wp-block-group contact__column right-column hero__contact-form is-layout-constrained wp-block-group-is-layout-constrained\">\n<div class=\"wp-block-group is-layout-constrained wp-block-group-is-layout-constrained\">\n<p class=\"hero__contact-form-title\">Lucha contra tu multa ahora<\/p>\n\n\n\n<div class=\"wp-block-contact-form-7-contact-form-selector\">\n<div class=\"wpcf7 no-js\" id=\"wpcf7-f1087397-o1\" lang=\"en-US\" dir=\"ltr\" data-wpcf7-id=\"1087397\">\n<div class=\"screen-reader-response\"><p role=\"status\" aria-live=\"polite\" aria-atomic=\"true\"><\/p> <ul><\/ul><\/div>\n<form action=\"\/es\/wp-json\/wp\/v2\/pages\/493#wpcf7-f1087397-o1\" method=\"post\" class=\"wpcf7-form init\" aria-label=\"Formulario de contacto\" novalidate=\"novalidate\" data-status=\"init\" data-trp-original-action=\"\/es\/wp-json\/wp\/v2\/pages\/493#wpcf7-f1087397-o1\">\n<fieldset class=\"hidden-fields-container\"><input type=\"hidden\" name=\"_wpcf7\" value=\"1087397\" \/><input type=\"hidden\" name=\"_wpcf7_version\" value=\"6.1.5\" \/><input type=\"hidden\" name=\"_wpcf7_locale\" value=\"en_US\" \/><input type=\"hidden\" name=\"_wpcf7_unit_tag\" value=\"wpcf7-f1087397-o1\" \/><input type=\"hidden\" name=\"_wpcf7_container_post\" value=\"0\" \/><input type=\"hidden\" name=\"_wpcf7_posted_data_hash\" value=\"\" \/>\n<\/fieldset>\n<div class=\"form-row\">\n  <label><span class=\"wpcf7-form-control-wrap\" data-name=\"your-name\"><input size=\"40\" maxlength=\"400\" class=\"wpcf7-form-control wpcf7-text wpcf7-validates-as-required\" aria-required=\"true\" aria-invalid=\"false\" placeholder=\"Nombre\" value=\"\" type=\"text\" name=\"your-name\" \/><\/span><\/label>\n  <label><span class=\"wpcf7-form-control-wrap\" data-name=\"your-tel\"><input size=\"40\" maxlength=\"400\" class=\"wpcf7-form-control wpcf7-tel wpcf7-validates-as-required wpcf7-text wpcf7-validates-as-tel\" aria-required=\"true\" aria-invalid=\"false\" placeholder=\"Tu tel\u00e9fono\" value=\"\" type=\"tel\" name=\"your-tel\" \/><\/span><\/label>\n<\/div>\n\n<div class=\"form-row\">\n  <label><span class=\"wpcf7-form-control-wrap\" data-name=\"your-county\"><select class=\"wpcf7-form-control wpcf7-select wpcf7-validates-as-required\" aria-required=\"true\" aria-invalid=\"false\" name=\"your-county\"><option value=\"\">\u2014Por favor seleccione una opci\u00f3n\u2014<\/option><option value=\"Orange\">Naranja<\/option><option value=\"Osceola\">osceola<\/option><option value=\"Seminole\">seminola<\/option><option value=\"Lake\">Lago<\/option><\/select><\/span><\/label>\n  <label><span class=\"wpcf7-form-control-wrap\" data-name=\"your-ticket-number\"><input size=\"40\" maxlength=\"400\" class=\"wpcf7-form-control wpcf7-text wpcf7-validates-as-required\" aria-required=\"true\" aria-invalid=\"false\" placeholder=\"Numero de ticket\" value=\"\" type=\"text\" name=\"your-ticket-number\" \/><\/span><\/label>\n<\/div>\n\n<div class=\"form-row input-full-width\">\n  <label><span class=\"wpcf7-form-control-wrap\" data-name=\"your-email\"><input size=\"40\" maxlength=\"400\" class=\"wpcf7-form-control wpcf7-email wpcf7-validates-as-required wpcf7-text wpcf7-validates-as-email\" aria-required=\"true\" aria-invalid=\"false\" placeholder=\"Correo electr\u00f3nico\" value=\"\" type=\"email\" name=\"your-email\" \/><\/span><\/label>\n<\/div>\n\n<div class=\"form-row input-full-width\">\n  <label><span class=\"wpcf7-form-control-wrap\" data-name=\"your-message\"><textarea cols=\"40\" rows=\"10\" maxlength=\"2000\" class=\"wpcf7-form-control wpcf7-textarea wpcf7-validates-as-required\" aria-required=\"true\" aria-invalid=\"false\" placeholder=\"Otros detalles\" name=\"your-message\"><\/textarea><\/span><\/label>\n<\/div>\n<div class=\"form-row input-full-width\">\n  <label><span class=\"wpcf7-form-control-wrap\" data-name=\"preferred-communication-method\"><select class=\"wpcf7-form-control wpcf7-select wpcf7-validates-as-required\" aria-required=\"true\" aria-invalid=\"false\" name=\"preferred-communication-method\"><option value=\"\">M\u00e9todo de comunicaci\u00f3n preferido<\/option><option value=\"Email\">Correo electr\u00f3nico<\/option><option value=\"Phone\">Tel\u00e9fono<\/option><option value=\"Text Message\">Mensaje de texto<\/option><\/select><\/span><\/label>\n<\/div>\n\n<div class=\"consent-row\">\n  <span class=\"wpcf7-form-control-wrap\" data-name=\"consent\"><span class=\"wpcf7-form-control wpcf7-acceptance\"><span class=\"wpcf7-list-item\"><label><input type=\"checkbox\" name=\"consent\" value=\"1\" aria-invalid=\"false\" \/><span class=\"wpcf7-list-item-label\">He le\u00eddo el <a href=\"\/es\/privacy-policy\/\" target=\"_blank\">pol\u00edtica de privacidad<\/a>, y <a href=\"\/es\/termsandconditions\/\" target=\"_blank\">Condiciones de servicio<\/a>.<\/span><\/label><\/span><\/span><\/span>\n<\/div>\n\n<div class=\"wpcf7-turnstile cf-turnstile\" data-sitekey=\"0x4AAAAAABj1haVTL5V4fTCK\" data-response-field-name=\"_wpcf7_turnstile_response\"><\/div>\n\n<input class=\"wpcf7-form-control wpcf7-submit has-spinner\" type=\"submit\" value=\"Empezar\" \/><p style=\"display: none !important;\" class=\"akismet-fields-container\" data-prefix=\"_wpcf7_ak_\"><label>\u0394<textarea name=\"_wpcf7_ak_hp_textarea\" cols=\"45\" rows=\"8\" maxlength=\"100\"><\/textarea><\/label><input type=\"hidden\" id=\"ak_js_1\" name=\"_wpcf7_ak_js\" value=\"128\"\/><script>document.getElementById( \"ak_js_1\" ).setAttribute( \"value\", ( new Date() ).getTime() );<\/script><\/p><div class=\"wpcf7-response-output\" aria-hidden=\"true\"><\/div>\n<input type=\"hidden\" name=\"trp-form-language\" value=\"es\"\/><\/form>\n<\/div>\n<\/div>\n<\/div>\n<\/div>\n<\/div>\n<\/div>\n<\/section>\n\n\n\n<section class=\"wp-block-group is-layout-flow wp-block-group-is-layout-flow\">\n<svg width=\"1440\" height=\"121\" viewbox=\"0 0 1440 121\" fill=\"none\" xmlns=\"http:\/\/www.w3.org\/2000\/svg\">\n  <path d=\"M343.571 0.78006C131.533 0.780038 16.9288 47.2721 0 51.0876V120.668H1440V25.7151C1330.28 48.5975 1195.27 60.7865 1171.99 63.2369C1124.69 68.2153 1093.79 70.0735 1018.51 72.6382C950.04 74.9709 980.579 74.7038 932.8 75.0685C875.747 75.504 843.9 70.7915 766.514 59.3404L760.963 58.5191C702.504 49.8721 670.604 45.8238 615.195 31.4314C575.506 21.1224 508.085 0.780078 343.571 0.78006Z\" fill=\"#F0F3F7\"\/>\n<\/svg>\n\n\n\n<section class=\"wp-block-group how-it-works-pattern has-background-dark-background-color has-background is-layout-flow wp-block-group-is-layout-flow\">\n<div class=\"wp-block-group container is-layout-constrained wp-block-group-is-layout-constrained\">\n<h2 class=\"wp-block-heading has-text-align-center has-line\">C\u00f3mo funciona<\/h2>\n\n\n\n<p class=\"has-text-align-center\">Una mirada simplificada.<\/p>\n\n\n\n<div class=\"wp-block-group how-it-works-pattern__row is-nowrap is-layout-flex wp-container-core-group-is-layout-ad2f72ca wp-block-group-is-layout-flex\">\n<div class=\"wp-block-group how-it-works-pattern__column is-layout-constrained wp-block-group-is-layout-constrained\">\n<figure class=\"wp-block-image size-full\"><img decoding=\"async\" src=\"\/wp-content\/uploads\/2025\/06\/Group.svg\" alt=\"\" class=\"wp-image-499\"\/><\/figure>\n\n\n\n<h3 class=\"wp-block-heading\">Obtenga una consulta\/presupuesto gratis<\/h3>\n\n\n\n<p>Comun\u00edquese con nosotros por tel\u00e9fono, mensaje de texto o mensaje en l\u00ednea para obtener una cotizaci\u00f3n que lo represente en su multa de tr\u00e1nsito. Trabajamos con una tarifa plana, sin costos ocultos.<\/p>\n<\/div>\n\n\n\n<div class=\"wp-block-group how-it-works-pattern__column is-layout-constrained wp-block-group-is-layout-constrained\">\n<figure class=\"wp-block-image size-full try-this\"><img decoding=\"async\" src=\"\/wp-content\/uploads\/2025\/06\/Vector2.svg\" alt=\"\" class=\"wp-image-552\"\/><\/figure>\n\n\n\n<h3 class=\"wp-block-heading\">Lo tomamos de all\u00ed<\/h3>\n\n\n\n<p>Puede contratarnos por tel\u00e9fono o pagar en l\u00ednea a trav\u00e9s de nuestro portal seguro para clientes. Aqu\u00ed tambi\u00e9n podr\u00e1 consultar todos los documentos relacionados con su caso. Una vez que nos contrate, no tendr\u00e1 que hacer nada m\u00e1s; nos encargamos de todo el proceso.<\/p>\n<\/div>\n\n\n\n<div class=\"wp-block-group how-it-works-pattern__column is-layout-constrained wp-block-group-is-layout-constrained\">\n<figure class=\"wp-block-image size-full\"><img decoding=\"async\" src=\"\/wp-content\/uploads\/2025\/06\/Group2.svg\" alt=\"\" class=\"wp-image-553\"\/><\/figure>\n\n\n\n<h3 class=\"wp-block-heading\">Esperar resultados<\/h3>\n\n\n\n<p>Normalmente, dentro de las 24 horas posteriores a su audiencia, publicamos los resultados en el portal en l\u00ednea. El portal env\u00eda un correo electr\u00f3nico cada vez que agregamos o cambiamos algo para que no se pierda ning\u00fan mensaje importante que le enviemos.<\/p>\n<\/div>\n<\/div>\n<\/div>\n<\/section>\n\n\n\n<svg width=\"1440\" height=\"121\" viewbox=\"0 0 1440 121\" fill=\"none\" xmlns=\"http:\/\/www.w3.org\/2000\/svg\">\n    <path d=\"M1096.43 120.668C1308.47 120.668 1423.07 74.1759 1440 70.3604L1440 0.779953L0.000254622 0.779827L0.000246321 95.7327C109.722 72.8504 244.734 60.6614 268.012 58.211C315.307 53.2326 346.206 51.3744 421.489 48.8097C489.96 46.477 459.421 46.7442 507.2 46.3794C564.253 45.9439 596.1 50.6564 673.486 62.1076L679.037 62.9288C737.496 71.5758 769.396 75.6242 824.805 90.0166C864.494 100.326 931.915 120.668 1096.43 120.668Z\" fill=\"#F0F3F7\"\/>\n  <\/svg>\n<\/section>\n\n\n\n<section class=\"wp-block-group locations-pattern is-layout-constrained wp-block-group-is-layout-constrained\">\n<div class=\"wp-block-group container is-layout-constrained wp-block-group-is-layout-constrained\">\n<h2 class=\"wp-block-heading\">Ubicaciones<\/h2>\n\n\n\n<div class=\"wp-block-group locations-pattern__row is-nowrap is-layout-flex wp-container-core-group-is-layout-ad2f72ca wp-block-group-is-layout-flex\">\n<div class=\"wp-block-group locations-pattern__column is-layout-constrained wp-block-group-is-layout-constrained\">\n<figure class=\"wp-block-image size-full\"><img decoding=\"async\" width=\"36\" height=\"37\" src=\"https:\/\/theticketfighter.com\/wp-content\/uploads\/2025\/06\/icon-location4.svg\" alt=\"\" class=\"wp-image-1087515\"\/><\/figure>\n\n\n\n<h3 class=\"wp-block-heading has-text-align-left\">orlando<\/h3>\n\n\n\n<p class=\"has-text-align-left\">4700 Millenia Blvd, Suite 175<br>Orlando, FL 32839<\/p>\n\n\n\n<iframe src=\"https:\/\/www.google.com\/maps\/embed?pb=!1m18!1m12!1m3!1d3506.8369704632396!2d-81.440122!3d28.484455999999998!2m3!1f0!2f0!3f0!3m2!1i1024!2i768!4f13.1!3m3!1m2!1s0x88e77af90d6946af%3A0xbcf41f1e0e381866!2sThe%20Ticket%20Fighter!5e0!3m2!1sen!2suk!4v1749127304489!5m2!1sen!2suk\" width=\"600\" height=\"450\" style=\"border:0;\" allowfullscreen=\"\" loading=\"lazy\" referrerpolicy=\"no-referrer-when-downgrade\"><\/iframe>\n<\/div>\n\n\n\n<div class=\"wp-block-group locations-pattern__column is-layout-constrained wp-block-group-is-layout-constrained\">\n<figure class=\"wp-block-image size-full try-this\"><img decoding=\"async\" width=\"36\" height=\"37\" src=\"https:\/\/theticketfighter.com\/wp-content\/uploads\/2025\/06\/icon-location4.svg\" alt=\"\" class=\"wp-image-1087515\"\/><\/figure>\n\n\n\n<h3 class=\"wp-block-heading\">orlando<\/h3>\n\n\n\n<p>390 N Orange Ave, Suite 2300<br>Orlando, Florida 32801<\/p>\n\n\n\n<iframe src=\"https:\/\/www.google.com\/maps\/embed?pb=!1m18!1m12!1m3!1d3504.7536233003502!2d-81.37991199999999!3d28.5471243!2m3!1f0!2f0!3f0!3m2!1i1024!2i768!4f13.1!3m3!1m2!1s0x88e77af90d16dd3b%3A0xb31099657e9f787!2s390%20N%20Orange%20Ave%20%232300%2C%20Orlando%2C%20FL%2032801%2C%20USA!5e0!3m2!1sen!2suk!4v1749127327304!5m2!1sen!2suk\" width=\"600\" height=\"450\" style=\"border:0;\" allowfullscreen=\"\" loading=\"lazy\" referrerpolicy=\"no-referrer-when-downgrade\"><\/iframe>\n<\/div>\n\n\n\n<div class=\"wp-block-group locations-pattern__column is-layout-constrained wp-block-group-is-layout-constrained\">\n<figure class=\"wp-block-image size-full\"><img decoding=\"async\" width=\"36\" height=\"37\" src=\"https:\/\/theticketfighter.com\/wp-content\/uploads\/2025\/06\/icon-location4.svg\" alt=\"\" class=\"wp-image-1087515\"\/><\/figure>\n\n\n\n<h3 class=\"wp-block-heading\">seminola<\/h3>\n\n\n\n<p>255 Primera Blvd, Ste 160<br>Lago Mary, FL 32746<\/p>\n\n\n\n<iframe src=\"https:\/\/www.google.com\/maps\/embed?pb=!1m18!1m12!1m3!1d3497.631062710595!2d-81.3568809!3d28.7604303!2m3!1f0!2f0!3f0!3m2!1i1024!2i768!4f13.1!3m3!1m2!1s0x88e772b72a5b3e75%3A0x4896fcb26d582c5a!2s255%20Primera%20Blvd%20%23160%2C%20Lake%20Mary%2C%20FL%2032746%2C%20USA!5e0!3m2!1sen!2suk!4v1749127333326!5m2!1sen!2suk\" width=\"600\" height=\"450\" style=\"border:0;\" allowfullscreen=\"\" loading=\"lazy\" referrerpolicy=\"no-referrer-when-downgrade\"><\/iframe>\n<\/div>\n<\/div>\n<\/div>\n<\/section>\n\n\n\n<p><\/p>","protected":false},"excerpt":{"rendered":"<p>Contact Us Interested in our services? Fill out some info and we will be in touch shortly.We can\u2019t wait to hear from you! (407) 476-5120 Fight Your Ticket Now How It Works A simplified look. Get a Free Consultation\/Quote Contact us by phone, text, or online message to get a quote to represent you on [&hellip;]<\/p>\n","protected":false},"author":3,"featured_media":0,"parent":0,"menu_order":0,"comment_status":"closed","ping_status":"closed","template":"","meta":{"inline_featured_image":false,"footnotes":""},"class_list":["post-493","page","type-page","status-publish","hentry"],"_links":{"self":[{"href":"https:\/\/theticketfighter.com\/es\/wp-json\/wp\/v2\/pages\/493","targetHints":{"allow":["GET"]}}],"collection":[{"href":"https:\/\/theticketfighter.com\/es\/wp-json\/wp\/v2\/pages"}],"about":[{"href":"https:\/\/theticketfighter.com\/es\/wp-json\/wp\/v2\/types\/page"}],"author":[{"embeddable":true,"href":"https:\/\/theticketfighter.com\/es\/wp-json\/wp\/v2\/users\/3"}],"replies":[{"embeddable":true,"href":"https:\/\/theticketfighter.com\/es\/wp-json\/wp\/v2\/comments?post=493"}],"version-history":[{"count":18,"href":"https:\/\/theticketfighter.com\/es\/wp-json\/wp\/v2\/pages\/493\/revisions"}],"predecessor-version":[{"id":1088456,"href":"https:\/\/theticketfighter.com\/es\/wp-json\/wp\/v2\/pages\/493\/revisions\/1088456"}],"wp:attachment":[{"href":"https:\/\/theticketfighter.com\/es\/wp-json\/wp\/v2\/media?parent=493"}],"curies":[{"name":"gracias","href":"https:\/\/api.w.org\/{rel}","templated":true}]}}